{"id":1812,"date":"2017-08-29T16:48:22","date_gmt":"2017-08-29T21:48:22","guid":{"rendered":"http:\/\/www.prueba.tallerdeartecountry.com\/Home\/?page_id=1812"},"modified":"2025-11-20T08:30:47","modified_gmt":"2025-11-20T13:30:47","slug":"portales-y-tecnicas-mixtas","status":"publish","type":"page","link":"http:\/\/tallerdeartecountry.com\/?page_id=1812","title":{"rendered":"PORTALES Y T\u00c9CNICAS MIXTAS"},"content":{"rendered":"\n<!-- Adaptable -->\n<ins\n     data-ad-client=\"ca-pub-1579051201616622\"\n     data-ad-slot=\"4667081790\"\n     data-ad-format=\"auto\"><\/ins>\n\t<p>Todos los art\u00edculos mostrados en este \u00e1lbum son hechos de forma artesanal, en T\u00e9cnicas Mixtas Sobre diferentes materiales.En la parte de abajo encontrara la referencia del producto y el precio para hacer compra<\/p>\n<hr \/>\n\n\t<p><strong>Portal Peque\u00f1o<\/strong><\/p>\n<figure id=\"attachment_1816\" aria-describedby=\"caption-attachment-1816\" style=\"width: 1024px\" class=\"wp-caption alignnone\"><a href=\"wp-content\/uploads\/2017\/08\/18922801_1370825406287893_6580090929936906896_o.jpg\"><img fetchpriority=\"high\" decoding=\"async\" src=\"wp-content\/uploads\/2017\/08\/18922801_1370825406287893_6580090929936906896_o-1024x768.jpg\" alt=\"\" width=\"1024\" height=\"768\" \/><\/a><figcaption id=\"caption-attachment-1816\" class=\"wp-caption-text\">TMX-1-1\/Precio $ 134.400<\/figcaption><\/figure>\n<p><a href=\"https:\/\/biz.payulatam.com\/B0bd5372A8FA596\"><img decoding=\"async\" src=\"http:\/\/www.payulatam.com\/img-secure-2015\/boton_pagar_mediano.png\" \/><\/a><\/p>\n<hr \/>\n\n\t<p><strong>Pozo Peque\u00f1o con Motor<\/strong><\/p>\n<figure id=\"attachment_1815\" aria-describedby=\"caption-attachment-1815\" style=\"width: 683px\" class=\"wp-caption alignnone\"><a href=\"wp-content\/uploads\/2017\/08\/18814706_1370825399621227_4694756658726165378_o.jpg\"><img decoding=\"async\" src=\"wp-content\/uploads\/2017\/08\/18814706_1370825399621227_4694756658726165378_o-683x1024.jpg\" alt=\"\" width=\"683\" height=\"1024\" \/><\/a><figcaption id=\"caption-attachment-1815\" class=\"wp-caption-text\">TMX-2-1\/Precio $ 112.000<\/figcaption><\/figure>\n<p><a href=\"https:\/\/biz.payulatam.com\/B0bd53763AD42B2\"><img decoding=\"async\" src=\"http:\/\/www.payulatam.com\/img-secure-2015\/boton_pagar_mediano.png\" \/><\/a><\/p>\n<hr \/>\n\n\t<p><strong>Cascada Peque\u00f1a con Motor<\/strong><\/p>\n<figure id=\"attachment_1814\" aria-describedby=\"caption-attachment-1814\" style=\"width: 683px\" class=\"wp-caption alignnone\"><a href=\"wp-content\/uploads\/2017\/08\/18768555_1370825402954560_5171672604925135156_o.jpg\"><img decoding=\"async\" src=\"wp-content\/uploads\/2017\/08\/18768555_1370825402954560_5171672604925135156_o-683x1024.jpg\" alt=\"\" width=\"683\" height=\"1024\" \/><\/a><figcaption id=\"caption-attachment-1814\" class=\"wp-caption-text\">TMX-3-1\/Precio $ 156.800<\/figcaption><\/figure>\n<p><a href=\"https:\/\/biz.payulatam.com\/B0bd537DC97465B\"><img decoding=\"async\" src=\"http:\/\/www.payulatam.com\/img-secure-2015\/boton_pagar_mediano.png\" \/><\/a><\/p>\n<hr \/>\n\n\t<h3><strong>Portaretrato Conchitas<\/strong><\/h3>\n<p><a href=\"http:\/\/tallerdeartecountry.com\/wp-content\/uploads\/2018\/07\/IMG_6682_result_result.jpg\"><img loading=\"lazy\" decoding=\"async\" src=\"http:\/\/tallerdeartecountry.com\/wp-content\/uploads\/2018\/07\/IMG_6682_result_result-1024x683.jpg\" alt=\"\" width=\"1024\" height=\"683\" \/><\/a><\/p>\n","protected":false},"excerpt":{"rendered":"<p>Todos los art\u00edculos mostrados en este \u00e1lbum son hechos de forma artesanal, en T\u00e9cnicas Mixtas Sobre diferentes materiales.En la parte de abajo encontrara la referencia del producto y el precio para hacer compra Portal Peque\u00f1o Pozo Peque\u00f1o con Motor Cascada Peque\u00f1a con Motor Portaretrato Conchitas<\/p>\n","protected":false},"author":1,"featured_media":0,"parent":0,"menu_order":0,"comment_status":"closed","ping_status":"closed","template":"elementor_header_footer","meta":{"footnotes":""},"class_list":["post-1812","page","type-page","status-publish","hentry"],"_links":{"self":[{"href":"http:\/\/tallerdeartecountry.com\/index.php?rest_route=\/wp\/v2\/pages\/1812","targetHints":{"allow":["GET"]}}],"collection":[{"href":"http:\/\/tallerdeartecountry.com\/index.php?rest_route=\/wp\/v2\/pages"}],"about":[{"href":"http:\/\/tallerdeartecountry.com\/index.php?rest_route=\/wp\/v2\/types\/page"}],"author":[{"embeddable":true,"href":"http:\/\/tallerdeartecountry.com\/index.php?rest_route=\/wp\/v2\/users\/1"}],"replies":[{"embeddable":true,"href":"http:\/\/tallerdeartecountry.com\/index.php?rest_route=%2Fwp%2Fv2%2Fcomments&post=1812"}],"version-history":[{"count":8,"href":"http:\/\/tallerdeartecountry.com\/index.php?rest_route=\/wp\/v2\/pages\/1812\/revisions"}],"predecessor-version":[{"id":3492,"href":"http:\/\/tallerdeartecountry.com\/index.php?rest_route=\/wp\/v2\/pages\/1812\/revisions\/3492"}],"wp:attachment":[{"href":"http:\/\/tallerdeartecountry.com\/index.php?rest_route=%2Fwp%2Fv2%2Fmedia&parent=1812"}],"curies":[{"name":"wp","href":"https:\/\/api.w.org\/{rel}","templated":true}]}}