{"id":3521,"date":"2020-08-12T08:10:43","date_gmt":"2020-08-12T13:10:43","guid":{"rendered":"http:\/\/tallerdeartecountry.com\/?page_id=3521"},"modified":"2025-11-20T08:29:26","modified_gmt":"2025-11-20T13:29:26","slug":"ceramicas","status":"publish","type":"page","link":"http:\/\/tallerdeartecountry.com\/?page_id=3521","title":{"rendered":"CERAMICAS"},"content":{"rendered":"\n\t<h3><strong>Alcanc\u00eda Minnie Mouse<\/strong><\/h3>\n<p><a href=\"http:\/\/tallerdeartecountry.com\/wp-content\/uploads\/2018\/07\/UNADJUSTEDNONRAW_thumb_139a11_result_result.jpg\"><img fetchpriority=\"high\" decoding=\"async\" src=\"http:\/\/tallerdeartecountry.com\/wp-content\/uploads\/2018\/07\/UNADJUSTEDNONRAW_thumb_139a11_result_result-683x1024.jpg\" alt=\"\" width=\"683\" height=\"1024\" \/><\/a><\/p>\n\t<h3><strong>Alcanc\u00eda Mickey Mouse<\/strong><\/h3>\n<p><a href=\"http:\/\/tallerdeartecountry.com\/wp-content\/uploads\/2018\/07\/UNADJUSTEDNONRAW_thumb_139a00_result_result.jpg\"><img decoding=\"async\" src=\"http:\/\/tallerdeartecountry.com\/wp-content\/uploads\/2018\/07\/UNADJUSTEDNONRAW_thumb_139a00_result_result-683x1024.jpg\" alt=\"\" width=\"683\" height=\"1024\" \/><\/a><\/p>\n<p>&nbsp;<\/p>\n\t<h3><strong>Alcanc\u00eda y Matera Marranito<\/strong><\/h3>\n<p><a href=\"http:\/\/tallerdeartecountry.com\/wp-content\/uploads\/2020\/07\/Marranos-copia_result_result.jpg\"><img decoding=\"async\" src=\"http:\/\/tallerdeartecountry.com\/wp-content\/uploads\/2020\/07\/Marranos-copia_result_result-1024x768.jpg\" alt=\"\" width=\"1024\" height=\"768\" \/><\/a><\/p>\n\t<h3><strong>Alcanc\u00eda Marranita con Arreglo<\/strong><\/h3>\n<p><a href=\"http:\/\/tallerdeartecountry.com\/wp-content\/uploads\/2018\/07\/IMG_6546_result_result.jpg\"><img loading=\"lazy\" decoding=\"async\" src=\"http:\/\/tallerdeartecountry.com\/wp-content\/uploads\/2018\/07\/IMG_6546_result_result-1024x683.jpg\" alt=\"\" width=\"1024\" height=\"683\" \/><\/a><\/p>\n","protected":false},"excerpt":{"rendered":"<p>Alcanc\u00eda Minnie Mouse Alcanc\u00eda Mickey Mouse &nbsp; Alcanc\u00eda y Matera Marranito Alcanc\u00eda Marranita con Arreglo<\/p>\n","protected":false},"author":1,"featured_media":0,"parent":0,"menu_order":0,"comment_status":"closed","ping_status":"closed","template":"elementor_header_footer","meta":{"footnotes":""},"class_list":["post-3521","page","type-page","status-publish","hentry"],"_links":{"self":[{"href":"http:\/\/tallerdeartecountry.com\/index.php?rest_route=\/wp\/v2\/pages\/3521","targetHints":{"allow":["GET"]}}],"collection":[{"href":"http:\/\/tallerdeartecountry.com\/index.php?rest_route=\/wp\/v2\/pages"}],"about":[{"href":"http:\/\/tallerdeartecountry.com\/index.php?rest_route=\/wp\/v2\/types\/page"}],"author":[{"embeddable":true,"href":"http:\/\/tallerdeartecountry.com\/index.php?rest_route=\/wp\/v2\/users\/1"}],"replies":[{"embeddable":true,"href":"http:\/\/tallerdeartecountry.com\/index.php?rest_route=%2Fwp%2Fv2%2Fcomments&post=3521"}],"version-history":[{"count":5,"href":"http:\/\/tallerdeartecountry.com\/index.php?rest_route=\/wp\/v2\/pages\/3521\/revisions"}],"predecessor-version":[{"id":3540,"href":"http:\/\/tallerdeartecountry.com\/index.php?rest_route=\/wp\/v2\/pages\/3521\/revisions\/3540"}],"wp:attachment":[{"href":"http:\/\/tallerdeartecountry.com\/index.php?rest_route=%2Fwp%2Fv2%2Fmedia&parent=3521"}],"curies":[{"name":"wp","href":"https:\/\/api.w.org\/{rel}","templated":true}]}}