{"id":90,"date":"2017-06-01T16:40:12","date_gmt":"2017-06-01T21:40:12","guid":{"rendered":"http:\/\/www.prueba.tallerdeartecountry.com\/Home\/?page_id=90"},"modified":"2025-11-20T08:29:26","modified_gmt":"2025-11-20T13:29:26","slug":"decoracion-de-fiestas","status":"publish","type":"page","link":"http:\/\/tallerdeartecountry.com\/?page_id=90","title":{"rendered":"DECORACI\u00d3N Y EMPAQUES"},"content":{"rendered":"\n<!-- Adaptable -->\n<ins\n     data-ad-client=\"ca-pub-1579051201616622\"\n     data-ad-slot=\"4667081790\"\n     data-ad-format=\"auto\"><\/ins>\n\t<p>Todos los productos de este album estan hechos de manera artesanal, Los dise\u00f1os y los colores est\u00e1n sujetos a la disponibilidad.se puden encargar en los colores y ocasi\u00f3n de preferencia En la parte de abajo encontrara la referencia del producto y el precio para hacer compra.<\/p>\n\t<h1><strong>EMPAQUES<\/strong><\/h1>\n<hr \/>\n<h1><\/h1>\n\t<p><strong><a href=\"wp-content\/uploads\/2017\/06\/DF-1-1-Redes-min.jpg\"><img decoding=\"async\" src=\"wp-content\/uploads\/2017\/06\/DF-1-1-Redes-min.jpg\" alt=\"\" width=\"1\" height=\"1\" \/><\/a>Centro de Mesa Chocolates con Globo<\/strong><\/p>\n<figure id=\"attachment_666\" aria-describedby=\"caption-attachment-666\" style=\"width: 683px\" class=\"wp-caption alignnone\"><a href=\"wp-content\/uploads\/2017\/06\/DF-1-1-Redes-min.jpg\"><img fetchpriority=\"high\" decoding=\"async\" src=\"wp-content\/uploads\/2017\/06\/DF-1-1-Redes-min-683x1024.jpg\" alt=\"\" width=\"683\" height=\"1024\" \/><\/a><figcaption id=\"caption-attachment-666\" class=\"wp-caption-text\">DF 1-1\/Precio $ 56.000<\/figcaption><\/figure>\n<p><a <a href=\"https:\/\/biz.payulatam.com\/B0bd537355771F5\"><img decoding=\"async\" src=\"http:\/\/www.payulatam.com\/img-secure-2015\/boton_pagar_mediano.png\"><\/a><\/p>\n<hr \/>\n\n\t<p><strong>Peluche Mediano Con empaque en Papel<\/strong><\/p>\n<figure id=\"attachment_667\" aria-describedby=\"caption-attachment-667\" style=\"width: 1024px\" class=\"wp-caption alignnone\"><a href=\"wp-content\/uploads\/2017\/06\/DF-2-1-Redes-min.jpg\"><img decoding=\"async\" src=\"wp-content\/uploads\/2017\/06\/DF-2-1-Redes-min-1024x768.jpg\" alt=\"\" width=\"1024\" height=\"768\" \/><\/a><figcaption id=\"caption-attachment-667\" class=\"wp-caption-text\">DF 2-1\/Precio $ 33.600<\/figcaption><\/figure>\n<p><a href=\"https:\/\/biz.payulatam.com\/B0bd53787E1F666\"><img decoding=\"async\" src=\"http:\/\/www.payulatam.com\/img-secure-2015\/boton_pagar_mediano.png\" \/><\/a><\/p>\n<hr \/>\n\n\t<p><strong>Peluche Peque\u00f1o Con empaque en Papel<\/strong><\/p>\n<figure id=\"attachment_668\" aria-describedby=\"caption-attachment-668\" style=\"width: 1024px\" class=\"wp-caption alignnone\"><a href=\"wp-content\/uploads\/2017\/06\/DF-2-2-Redes-jpg-min.jpg\"><img loading=\"lazy\" decoding=\"async\" src=\"wp-content\/uploads\/2017\/06\/DF-2-2-Redes-jpg-min-1024x768.jpg\" alt=\"\" width=\"1024\" height=\"768\" \/><\/a><figcaption id=\"caption-attachment-668\" class=\"wp-caption-text\">DF 2-2\/Precio $ 28.000<\/figcaption><\/figure>\n<p><a href=\"https:\/\/biz.payulatam.com\/B0bd53712E700B8\"><img decoding=\"async\" src=\"http:\/\/www.payulatam.com\/img-secure-2015\/boton_pagar_mediano.png\" \/><\/a><\/p>\n<hr \/>\n\n\t<h1><strong>DECORACI\u00d3N<\/strong><\/h1>\n<hr \/>\n<p>&nbsp;<\/p>\n\t<p><strong>Cascada Navide\u00f1a<\/strong><\/p>\n<figure id=\"attachment_674\" aria-describedby=\"caption-attachment-674\" style=\"width: 683px\" class=\"wp-caption alignnone\"><a href=\"wp-content\/uploads\/2017\/06\/DF-3-1-Redes-min-1.jpg\"><img loading=\"lazy\" decoding=\"async\" src=\"wp-content\/uploads\/2017\/06\/DF-3-1-Redes-min-1-683x1024.jpg\" alt=\"\" width=\"683\" height=\"1024\" \/><\/a><figcaption id=\"caption-attachment-674\" class=\"wp-caption-text\">DF 3-1\/Precio $ 78.400<\/figcaption><\/figure>\n<p><a href=\"https:\/\/biz.payulatam.com\/B0bd5379EAC9041\"><img decoding=\"async\" src=\"http:\/\/www.payulatam.com\/img-secure-2015\/boton_pagar_mediano.png\" \/><\/a><\/p>\n<hr \/>\n\n\t<p><strong>Centro de Mesa Peque\u00f1o Velas Dobles<\/strong><\/p>\n<figure id=\"attachment_676\" aria-describedby=\"caption-attachment-676\" style=\"width: 1024px\" class=\"wp-caption alignnone\"><a href=\"wp-content\/uploads\/2017\/06\/DF-4-1-Redes-min-1.jpg\"><img loading=\"lazy\" decoding=\"async\" src=\"wp-content\/uploads\/2017\/06\/DF-4-1-Redes-min-1-1024x683.jpg\" alt=\"\" width=\"1024\" height=\"683\" \/><\/a><figcaption id=\"caption-attachment-676\" class=\"wp-caption-text\">DF 4-1\/Precio $ 56.000<\/figcaption><\/figure>\n<p><a href=\"https:\/\/biz.payulatam.com\/B0bd53793965499\"><img decoding=\"async\" src=\"http:\/\/www.payulatam.com\/img-secure-2015\/boton_pagar_mediano.png\" \/><\/a><\/p>\n<hr \/>\n\n\t<p><strong>Centro de Mesa peque\u00f1o Velon<\/strong><\/p>\n<figure id=\"attachment_678\" aria-describedby=\"caption-attachment-678\" style=\"width: 1024px\" class=\"wp-caption alignnone\"><a href=\"wp-content\/uploads\/2017\/06\/DF-4-2-1-Redes-min-1.jpg\"><img loading=\"lazy\" decoding=\"async\" src=\"wp-content\/uploads\/2017\/06\/DF-4-2-1-Redes-min-1-1024x683.jpg\" alt=\"\" width=\"1024\" height=\"683\" \/><\/a><figcaption id=\"caption-attachment-678\" class=\"wp-caption-text\">DF 4-2-1\/Precio $ 50.400<\/figcaption><\/figure>\n<p><a href=\"https:\/\/biz.payulatam.com\/B0bd537F4501977\"><img decoding=\"async\" src=\"http:\/\/www.payulatam.com\/img-secure-2015\/boton_pagar_mediano.png\" \/><\/a><\/p>\n<hr \/>\n\n\t<p><strong>Centro de Mesa peque\u00f1o Velon<\/strong><\/p>\n<figure id=\"attachment_692\" aria-describedby=\"caption-attachment-692\" style=\"width: 1024px\" class=\"wp-caption alignnone\"><a href=\"wp-content\/uploads\/2017\/06\/DF-4-2-Redes-min-1.jpg\"><img loading=\"lazy\" decoding=\"async\" src=\"wp-content\/uploads\/2017\/06\/DF-4-2-Redes-min-1-1024x683.jpg\" alt=\"\" width=\"1024\" height=\"683\" \/><\/a><figcaption id=\"caption-attachment-692\" class=\"wp-caption-text\">DF 4-2\/Precio $ 50.400<\/figcaption><\/figure>\n<p><a href=\"https:\/\/biz.payulatam.com\/B0bd537F4501977\"><img decoding=\"async\" src=\"http:\/\/www.payulatam.com\/img-secure-2015\/boton_pagar_mediano.png\" \/><\/a><\/p>\n<hr \/>\n\n\t<p><strong>Centro de Mesa Grande Velones<\/strong><\/p>\n<figure id=\"attachment_689\" aria-describedby=\"caption-attachment-689\" style=\"width: 1024px\" class=\"wp-caption alignnone\"><a href=\"wp-content\/uploads\/2017\/06\/DF-4-3-Redes-min.jpg\"><img loading=\"lazy\" decoding=\"async\" src=\"wp-content\/uploads\/2017\/06\/DF-4-3-Redes-min-1024x683.jpg\" alt=\"\" width=\"1024\" height=\"683\" \/><\/a><figcaption id=\"caption-attachment-689\" class=\"wp-caption-text\">DF 4-37Precio $ 156.800<\/figcaption><\/figure>\n<p><a href=\"https:\/\/biz.payulatam.com\/B0bd53735204718\"><img decoding=\"async\" src=\"http:\/\/www.payulatam.com\/img-secure-2015\/boton_pagar_mediano.png\" \/><\/a><\/p>\n<hr \/>\n\n\t<p><strong>Centro de Mesa peque\u00f1o Reno<\/strong><\/p>\n<figure id=\"attachment_690\" aria-describedby=\"caption-attachment-690\" style=\"width: 1024px\" class=\"wp-caption alignnone\"><a href=\"wp-content\/uploads\/2017\/06\/DF-4-4-Redes-min.jpg\"><img loading=\"lazy\" decoding=\"async\" src=\"wp-content\/uploads\/2017\/06\/DF-4-4-Redes-min-1024x683.jpg\" alt=\"\" width=\"1024\" height=\"683\" \/><\/a><figcaption id=\"caption-attachment-690\" class=\"wp-caption-text\">DF 4-47Precio $ 56.000<\/figcaption><\/figure>\n<p><a href=\"https:\/\/biz.payulatam.com\/B0bd537291C7A69\"><img decoding=\"async\" src=\"http:\/\/www.payulatam.com\/img-secure-2015\/boton_pagar_mediano.png\" \/><\/a><\/p>\n<hr \/>\n\n\t<p><strong>Centro de Mesa Grande Venado<\/strong><\/p>\n<figure id=\"attachment_685\" aria-describedby=\"caption-attachment-685\" style=\"width: 1024px\" class=\"wp-caption alignnone\"><a href=\"wp-content\/uploads\/2017\/06\/DF-4-5-Redes-min.jpg\"><img loading=\"lazy\" decoding=\"async\" src=\"wp-content\/uploads\/2017\/06\/DF-4-5-Redes-min-1024x683.jpg\" alt=\"\" width=\"1024\" height=\"683\" \/><\/a><figcaption id=\"caption-attachment-685\" class=\"wp-caption-text\">DF 4-5\/Precio $ 156.800<\/figcaption><\/figure>\n<p><a href=\"https:\/\/biz.payulatam.com\/B0bd537A71F2BB2\"><img decoding=\"async\" src=\"http:\/\/www.payulatam.com\/img-secure-2015\/boton_pagar_mediano.png\" \/><\/a><\/p>\n<hr \/>\n\n\t<p><strong>Bicicleta Decorativa<\/strong><\/p>\n<figure id=\"attachment_687\" aria-describedby=\"caption-attachment-687\" style=\"width: 1024px\" class=\"wp-caption alignnone\"><a href=\"wp-content\/uploads\/2017\/06\/DF-5-1-Redes-min.jpg\"><img loading=\"lazy\" decoding=\"async\" src=\"wp-content\/uploads\/2017\/06\/DF-5-1-Redes-min-1024x683.jpg\" alt=\"\" width=\"1024\" height=\"683\" \/><\/a><figcaption id=\"caption-attachment-687\" class=\"wp-caption-text\">DF 5-1\/Precio $ 224.000<\/figcaption><\/figure>\n<p><a href=\"https:\/\/biz.payulatam.com\/B0bd537594EE5F6\"><img decoding=\"async\" src=\"http:\/\/www.payulatam.com\/img-secure-2015\/boton_pagar_mediano.png\" \/><\/a><\/p>\n<hr \/>\n\n\t<p><strong>Jaulas Decorativas<\/strong><\/p>\n<figure id=\"attachment_686\" aria-describedby=\"caption-attachment-686\" style=\"width: 1024px\" class=\"wp-caption alignnone\"><a href=\"wp-content\/uploads\/2017\/06\/DF-5.2-Redes-min.jpg\"><img loading=\"lazy\" decoding=\"async\" src=\"wp-content\/uploads\/2017\/06\/DF-5.2-Redes-min-1024x683.jpg\" alt=\"\" width=\"1024\" height=\"683\" \/><\/a><figcaption id=\"caption-attachment-686\" class=\"wp-caption-text\">DF 5-2\/Precio $ 100.800<\/figcaption><\/figure>\n<p><a href=\"https:\/\/biz.payulatam.com\/B0bd5373D2D1315\"><img decoding=\"async\" src=\"http:\/\/www.payulatam.com\/img-secure-2015\/boton_pagar_mediano.png\" \/><\/a><\/p>\n<hr \/>\n\n\t<p><a href=\"http:\/\/tallerdeartecountry.com\/wp-content\/uploads\/2018\/07\/IMG_64022_result_result-1.jpg\"><img loading=\"lazy\" decoding=\"async\" src=\"http:\/\/tallerdeartecountry.com\/wp-content\/uploads\/2018\/07\/IMG_64022_result_result-1-1024x683.jpg\" alt=\"\" width=\"1024\" height=\"683\" \/><\/a><\/p>\n","protected":false},"excerpt":{"rendered":"<p>Todos los productos de este album estan hechos de manera artesanal, Los dise\u00f1os y los colores est\u00e1n sujetos a la disponibilidad.se puden encargar en los colores y ocasi\u00f3n de preferencia En la parte de abajo encontrara la referencia del producto y el precio para hacer compra. EMPAQUES Centro de Mesa Chocolates con Globo<\/p>\n","protected":false},"author":1,"featured_media":0,"parent":0,"menu_order":0,"comment_status":"closed","ping_status":"closed","template":"elementor_header_footer","meta":{"footnotes":""},"class_list":["post-90","page","type-page","status-publish","hentry"],"_links":{"self":[{"href":"http:\/\/tallerdeartecountry.com\/index.php?rest_route=\/wp\/v2\/pages\/90","targetHints":{"allow":["GET"]}}],"collection":[{"href":"http:\/\/tallerdeartecountry.com\/index.php?rest_route=\/wp\/v2\/pages"}],"about":[{"href":"http:\/\/tallerdeartecountry.com\/index.php?rest_route=\/wp\/v2\/types\/page"}],"author":[{"embeddable":true,"href":"http:\/\/tallerdeartecountry.com\/index.php?rest_route=\/wp\/v2\/users\/1"}],"replies":[{"embeddable":true,"href":"http:\/\/tallerdeartecountry.com\/index.php?rest_route=%2Fwp%2Fv2%2Fcomments&post=90"}],"version-history":[{"count":20,"href":"http:\/\/tallerdeartecountry.com\/index.php?rest_route=\/wp\/v2\/pages\/90\/revisions"}],"predecessor-version":[{"id":3380,"href":"http:\/\/tallerdeartecountry.com\/index.php?rest_route=\/wp\/v2\/pages\/90\/revisions\/3380"}],"wp:attachment":[{"href":"http:\/\/tallerdeartecountry.com\/index.php?rest_route=%2Fwp%2Fv2%2Fmedia&parent=90"}],"curies":[{"name":"wp","href":"https:\/\/api.w.org\/{rel}","templated":true}]}}